{"id":2,"date":"2021-09-22T14:45:55","date_gmt":"2021-09-22T12:45:55","guid":{"rendered":"http:\/\/tirolove.it\/cecilia\/?page_id=2"},"modified":"2024-04-10T12:01:00","modified_gmt":"2024-04-10T10:01:00","slug":"pagina-di-esempio","status":"publish","type":"page","link":"https:\/\/tirolove.it\/sito2\/","title":{"rendered":"Home"},"content":{"rendered":"<p><div class=\"fusion-fullwidth fullwidth-box fusion-builder-row-1 fusion-flex-container has-pattern-background has-mask-background tirolove-minisite-header nonhundred-percent-fullwidth non-hundred-percent-height-scrolling\" style=\"--awb-border-radius-top-left:0px;--awb-border-radius-top-right:0px;--awb-border-radius-bottom-right:0px;--awb-border-radius-bottom-left:0px;--awb-flex-wrap:wrap;\" ><div class=\"fusion-builder-row fusion-row fusion-flex-align-items-flex-start fusion-flex-content-wrap\" style=\"max-width:1430px;margin-left: calc(-4% \/ 2 );margin-right: calc(-4% \/ 2 );\"><div class=\"fusion-layout-column fusion_builder_column fusion-builder-column-0 fusion_builder_column_1_1 1_1 fusion-flex-column\" style=\"--awb-bg-size:cover;--awb-width-large:100%;--awb-margin-top-large:0px;--awb-spacing-right-large:1.92%;--awb-margin-bottom-large:20px;--awb-spacing-left-large:1.92%;--awb-width-medium:100%;--awb-order-medium:0;--awb-spacing-right-medium:1.92%;--awb-spacing-left-medium:1.92%;--awb-width-small:100%;--awb-order-small:0;--awb-spacing-right-small:1.92%;--awb-spacing-left-small:1.92%;\"><div class=\"fusion-column-wrapper fusion-column-has-shadow fusion-flex-justify-content-flex-start fusion-content-layout-column\"><div class=\"fusion-title title fusion-title-1 fusion-sep-none fusion-title-text fusion-title-size-one\"><h1 class=\"fusion-title-heading title-heading-left fusion-responsive-typography-calculated\" style=\"margin:0;--fontSize:64;line-height:1.16;\"><p style=\"text-align: center;\">            <h1 class=\"minisite-title\">Agriturismo Vigneti del Sole<\/h1>\n        <\/h1><\/div><\/div><\/div><\/div><\/div><div class=\"fusion-fullwidth fullwidth-box fusion-builder-row-2 fusion-flex-container has-pattern-background has-mask-background tirolove-minisite-gallery nonhundred-percent-fullwidth non-hundred-percent-height-scrolling\" style=\"--awb-border-radius-top-left:0px;--awb-border-radius-top-right:0px;--awb-border-radius-bottom-right:0px;--awb-border-radius-bottom-left:0px;--awb-flex-wrap:wrap;\" ><div class=\"fusion-builder-row fusion-row fusion-flex-align-items-flex-start fusion-flex-content-wrap\" style=\"max-width:1430px;margin-left: calc(-4% \/ 2 );margin-right: calc(-4% \/ 2 );\"><div class=\"fusion-layout-column fusion_builder_column fusion-builder-column-1 fusion_builder_column_1_1 1_1 fusion-flex-column\" style=\"--awb-bg-size:cover;--awb-width-large:100%;--awb-margin-top-large:0px;--awb-spacing-right-large:1.92%;--awb-margin-bottom-large:20px;--awb-spacing-left-large:1.92%;--awb-width-medium:100%;--awb-order-medium:0;--awb-spacing-right-medium:1.92%;--awb-spacing-left-medium:1.92%;--awb-width-small:100%;--awb-order-small:0;--awb-spacing-right-small:1.92%;--awb-spacing-left-small:1.92%;\"><div class=\"fusion-column-wrapper fusion-column-has-shadow fusion-flex-justify-content-flex-start fusion-content-layout-column\"><div class=\"fusion-text fusion-text-1\"><div class=\"tirolove-minisite-image-gallery\"><div class=\"tirolove-minisite-subgallery2 swiper-container\"><div class=\"swiper-wrapper\"><div class=\"swiper-slide\"><img decoding=\"async\" src=\"https:\/\/tirolove.it\/sito2\/wp-content\/uploads\/sites\/2\/2024\/04\/1.png\" alt=\"immagine struttura\"><\/div><\/div><div class=\"swiper-button-next\"><\/div><div class=\"swiper-button-prev\"><\/div><\/div><\/div>\n<\/div><\/div><\/div><\/div><\/div><div class=\"fusion-fullwidth fullwidth-box fusion-builder-row-3 fusion-flex-container has-pattern-background has-mask-background nonhundred-percent-fullwidth non-hundred-percent-height-scrolling\" style=\"--awb-border-radius-top-left:0px;--awb-border-radius-top-right:0px;--awb-border-radius-bottom-right:0px;--awb-border-radius-bottom-left:0px;--awb-margin-top:80px;--awb-flex-wrap:wrap;\" id=\"tirolove-minisite-coordinates\" ><div class=\"fusion-builder-row fusion-row fusion-flex-align-items-flex-start fusion-flex-content-wrap\" style=\"max-width:1430px;margin-left: calc(-4% \/ 2 );margin-right: calc(-4% \/ 2 );\"><div class=\"fusion-layout-column fusion_builder_column fusion-builder-column-2 fusion_builder_column_1_2 1_2 fusion-flex-column map-col\" style=\"--awb-bg-size:cover;--awb-width-large:50%;--awb-margin-top-large:0px;--awb-spacing-right-large:3.84%;--awb-margin-bottom-large:20px;--awb-spacing-left-large:3.84%;--awb-width-medium:50%;--awb-order-medium:0;--awb-spacing-right-medium:3.84%;--awb-spacing-left-medium:3.84%;--awb-width-small:100%;--awb-order-small:0;--awb-spacing-right-small:1.92%;--awb-spacing-left-small:1.92%;\" data-scroll-devices=\"small-visibility,medium-visibility,large-visibility\"><div class=\"fusion-column-wrapper fusion-column-has-shadow fusion-flex-justify-content-center fusion-content-layout-row\"><div class=\"fusion-text fusion-text-2\"><div class=\"google-maps-container\"><div id=\"map\" class=\"contact-map default-shadow\"><\/div><\/div>\n<\/div><\/div><\/div><div class=\"fusion-layout-column fusion_builder_column fusion-builder-column-3 fusion_builder_column_1_2 1_2 fusion-flex-column\" style=\"--awb-bg-size:cover;--awb-width-large:50%;--awb-margin-top-large:0px;--awb-spacing-right-large:3.84%;--awb-margin-bottom-large:20px;--awb-spacing-left-large:3.84%;--awb-width-medium:50%;--awb-order-medium:0;--awb-spacing-right-medium:3.84%;--awb-spacing-left-medium:3.84%;--awb-width-small:100%;--awb-order-small:0;--awb-spacing-right-small:1.92%;--awb-spacing-left-small:1.92%;\"><div class=\"fusion-column-wrapper fusion-column-has-shadow fusion-flex-justify-content-flex-start fusion-content-layout-column\"><div class=\"fusion-text fusion-text-3\">        <div class=\"minisite_company_address\">\n            <h5>Agriturismo Vigneti del Sole<\/h5>\n            <p>Via del Monte 2\/b<\/p>\n            <p>39012<\/p>\n            <p>Merano<\/p>\n            <p>BZ<\/p>\n            <p>Italy<\/p>\n        <\/div>\n        \n<\/div><\/div><\/div><\/div><\/div><div class=\"fusion-fullwidth fullwidth-box fusion-builder-row-4 fusion-flex-container has-pattern-background has-mask-background tirolove-minisite-description nonhundred-percent-fullwidth non-hundred-percent-height-scrolling\" style=\"--awb-border-radius-top-left:0px;--awb-border-radius-top-right:0px;--awb-border-radius-bottom-right:0px;--awb-border-radius-bottom-left:0px;--awb-margin-top:40px;--awb-flex-wrap:wrap;\" ><div class=\"fusion-builder-row fusion-row fusion-flex-align-items-flex-start fusion-flex-content-wrap\" style=\"max-width:1430px;margin-left: calc(-4% \/ 2 );margin-right: calc(-4% \/ 2 );\"><div class=\"fusion-layout-column fusion_builder_column fusion-builder-column-4 fusion_builder_column_1_1 1_1 fusion-flex-column\" style=\"--awb-bg-size:cover;--awb-width-large:100%;--awb-margin-top-large:0px;--awb-spacing-right-large:1.92%;--awb-margin-bottom-large:20px;--awb-spacing-left-large:1.92%;--awb-width-medium:100%;--awb-order-medium:0;--awb-spacing-right-medium:1.92%;--awb-spacing-left-medium:1.92%;--awb-width-small:100%;--awb-order-small:0;--awb-spacing-right-small:1.92%;--awb-spacing-left-small:1.92%;\"><div class=\"fusion-column-wrapper fusion-column-has-shadow fusion-flex-justify-content-flex-start fusion-content-layout-column\"><div class=\"fusion-text fusion-text-4\">        <div class=\"minisite_company_description\">\n            <p>L\u2019agriturismo vigneti del sole \u00e8 un agriturismo a conduzione familiare situato in una posizione panoramica mozzafiato, circondato da vigneti e meleti. <br \/>\r\nLa struttura \u00e8 stata costruita in bioedilizia con materiali naturali e offre un&#039;atmosfera accogliente e rilassante.<br \/>\r\n<br \/>\r\nLe camere sono arredate con gusto e dotate di tutti i comfort, tra cui bagno privato, Wi-Fi gratuito e TV. Alcune camere dispongono anche di un balcone con vista panoramica sulla valle.<br \/>\r\n<br \/>\r\nL&#039;agriturismo offre ai suoi ospiti una ricca colazione a buffet con prodotti biologici di produzione propria. A cena, potrete gustare piatti tipici della cucina trentina preparati con ingredienti freschi e di stagione.<br \/>\r\n<br \/>\r\nSe state cercando un agriturismo in Sud Tirolo dove rilassarvi e godere della natura, i Vigenti del Sole \u00e8 la scelta ideale.<\/p>\n        <\/div>\n        \n<\/div><\/div><\/div><\/div><\/div><div class=\"fusion-fullwidth fullwidth-box fusion-builder-row-5 fusion-flex-container has-pattern-background has-mask-background tirolove-minisite-room-list nonhundred-percent-fullwidth non-hundred-percent-height-scrolling\" style=\"--awb-border-radius-top-left:0px;--awb-border-radius-top-right:0px;--awb-border-radius-bottom-right:0px;--awb-border-radius-bottom-left:0px;--awb-margin-top:40px;--awb-flex-wrap:wrap;\" ><div class=\"fusion-builder-row fusion-row fusion-flex-align-items-flex-start fusion-flex-content-wrap\" style=\"max-width:1430px;margin-left: calc(-4% \/ 2 );margin-right: calc(-4% \/ 2 );\"><div class=\"fusion-layout-column fusion_builder_column fusion-builder-column-5 fusion_builder_column_1_1 1_1 fusion-flex-column\" style=\"--awb-bg-size:cover;--awb-width-large:100%;--awb-margin-top-large:0px;--awb-spacing-right-large:1.92%;--awb-margin-bottom-large:20px;--awb-spacing-left-large:1.92%;--awb-width-medium:100%;--awb-order-medium:0;--awb-spacing-right-medium:1.92%;--awb-spacing-left-medium:1.92%;--awb-width-small:100%;--awb-order-small:0;--awb-spacing-right-small:1.92%;--awb-spacing-left-small:1.92%;\"><div class=\"fusion-column-wrapper fusion-column-has-shadow fusion-flex-justify-content-flex-start fusion-content-layout-column\"><div class=\"fusion-title title fusion-title-2 fusion-sep-none fusion-title-text fusion-title-size-four\"><h4 class=\"fusion-title-heading title-heading-left fusion-responsive-typography-calculated\" style=\"margin:0;--fontSize:22;--minFontSize:22;line-height:1.36;\"><h3 style=\"text-align: center;\">Elenco delle camere<\/h3><\/h4><\/div><div class=\"fusion-text fusion-text-5\"><div class=\"room-list-shortcode\"> <div class=\"room-list-wrapper\"><div class=\"row\"><div class=\"column\"><h3>Camera Comfort<\/h3><div class=\"swiper-container\"><div class=\"swiper-wrapper\"><div class=\"swiper-slide\"><img decoding=\"async\" src=\"https:\/\/tirolove.it\/sito2\/wp-content\/uploads\/sites\/2\/2024\/04\/2.png\" alt=\"Room Image\"><\/div><div class=\"swiper-slide\"><img decoding=\"async\" src=\"https:\/\/tirolove.it\/sito2\/wp-content\/uploads\/sites\/2\/2024\/04\/3.png\" alt=\"Room Image\"><\/div><\/div><div class=\"swiper-button-next\"><\/div><div class=\"swiper-button-prev\"><\/div><\/div><p>Benvenuti nella nostra Camera Comfort, l&#039;ideale per chi cerca un riposo rigenerante dopo una giornata di esplorazioni. <br \/>\nQuesta camera, con i suoi toni caldi e accoglienti, \u00e8 dotata di un comodo letto matrimoniale, rivestito con biancheria di alta qualit\u00e0. Le ampie finestre offrono una vista incantevole sulla citt\u00e0 o sul nostro giardino interno, regalando momenti di puro relax. La dotazione include una smart TV, Wi-Fi ad alta velocit\u00e0 gratuito, un bollitore con un&#039;assortita selezione di t\u00e8 e caff\u00e8, e un elegante bagno privato con set di cortesia premium. Il perfetto equilibrio tra comfort moderni e un&#039;atmosfera accogliente rende questa camera l&#039;opzione ideale per viaggiatori singoli e coppie.<\/p><\/div><div class=\"column\"><h3>Camera Deluxe<\/h3><div class=\"swiper-container\"><div class=\"swiper-wrapper\"><div class=\"swiper-slide\"><img decoding=\"async\" src=\"https:\/\/tirolove.it\/sito2\/wp-content\/uploads\/sites\/2\/2024\/04\/4.png\" alt=\"Room Image\"><\/div><div class=\"swiper-slide\"><img decoding=\"async\" src=\"https:\/\/tirolove.it\/sito2\/wp-content\/uploads\/sites\/2\/2024\/04\/5.png\" alt=\"Room Image\"><\/div><\/div><div class=\"swiper-button-next\"><\/div><div class=\"swiper-button-prev\"><\/div><\/div><p>La nostra Camera Deluxe offre un&#039;esperienza di soggiorno senza eguali, pensata per ospiti che desiderano spazi pi\u00f9 ampi e servizi esclusivi. Arredata con gusto raffinato, dispone di un letto king-size con materasso memory foam, una zona soggiorno con divano letto e un ampio scrivania, ideale per chi viaggia per lavoro. La terrazza privata \u00e8 il luogo perfetto per godersi un drink al tramonto, ammirando viste mozzafiato. La tecnologia si fonde con il comfort grazie alla presenza di una smart TV, sistema di climatizzazione personalizzabile e Wi-Fi ad alta velocit\u00e0. Il bagno spazioso vanta una vasca idromassaggio, doccia effetto pioggia e un&#039;ampia gamma di prodotti di lusso per la cura personale. Per coloro che cercano un tocco in pi\u00f9, la Camera Deluxe rappresenta la quintessenza del lusso e del comfort.<\/p><\/div><\/div><\/div><\/div>\n<\/div><\/div><\/div><\/div><\/div><div class=\"fusion-fullwidth fullwidth-box fusion-builder-row-6 fusion-flex-container has-pattern-background has-mask-background tirolove-minisite-form nonhundred-percent-fullwidth non-hundred-percent-height-scrolling\" style=\"--awb-border-radius-top-left:0px;--awb-border-radius-top-right:0px;--awb-border-radius-bottom-right:0px;--awb-border-radius-bottom-left:0px;--awb-flex-wrap:wrap;\" ><div class=\"fusion-builder-row fusion-row fusion-flex-align-items-flex-start fusion-flex-content-wrap\" style=\"max-width:1430px;margin-left: calc(-4% \/ 2 );margin-right: calc(-4% \/ 2 );\"><div class=\"fusion-layout-column fusion_builder_column fusion-builder-column-6 fusion_builder_column_1_1 1_1 fusion-flex-column\" style=\"--awb-bg-size:cover;--awb-width-large:100%;--awb-margin-top-large:0px;--awb-spacing-right-large:1.92%;--awb-margin-bottom-large:20px;--awb-spacing-left-large:1.92%;--awb-width-medium:100%;--awb-order-medium:0;--awb-spacing-right-medium:1.92%;--awb-spacing-left-medium:1.92%;--awb-width-small:100%;--awb-order-small:0;--awb-spacing-right-small:1.92%;--awb-spacing-left-small:1.92%;\"><div class=\"fusion-column-wrapper fusion-column-has-shadow fusion-flex-justify-content-flex-start fusion-content-layout-column\"><div class=\"fusion-title title fusion-title-3 fusion-sep-none fusion-title-text fusion-title-size-four\"><h4 class=\"fusion-title-heading title-heading-left fusion-responsive-typography-calculated\" style=\"margin:0;--fontSize:22;--minFontSize:22;line-height:1.36;\"><h4 style=\"text-align: center;\">Richiedi un preventivo<\/h4><\/h4><\/div><div class=\"fusion-text fusion-text-6\">        <div class=\"form-reservation-wrapper\">\n        <form method=\"post\" action=\"\" id=\"tir-reservation-form\">\n        <input type=\"hidden\" name=\"blog_id\" id=\"blog_id\" value=\"2\"\/>\n            <div class=\"form-row-2\">\n                <div>\n                    <label for=\"arrivo\">Arrivo:<\/label>\n                    <input type=\"date\" name=\"arrival_date\" id=\"arrival_date\">\n                <\/div>\n\n                <div>\n                    <label for=\"partenza\">Partenza:<\/label>\n                    <input type=\"date\" name=\"departure_date\" id=\"departure_date\">\n                <\/div>\n            <\/div>\n\n            <div class=\"form-row-2\">\n                <div>\n                    <label for=\"ospiti_adulti\">Ospiti adulti:<\/label>\n                    <input type=\"number\" name=\"adults\" id=\"adults\" min=\"1\" max=\"4\">\n                <\/div>\n\n                <div>\n                    <label for=\"bambini\">Bambini:<\/label>\n                    <input type=\"number\" name=\"children\" id=\"children\" min=\"0\" max=\"4\">\n                <\/div>\n            <\/div>\n\n            <div class=\"form-row-2\">\n                <div>\n                    <label for=\"customer_email\">Email<\/label>\n                    <input type=\"text\" name=\"customer_email\" id=\"customer_email\">\n                <\/div>\n            <\/div>\n\n            <div class=\"form-row-1 flex-row\">\n                <div>\n                    <label for=\"room_selection\">Scegli una stanza:<\/label>\n                    <select name=\"room_selection\" id=\"room_selection\">\n                        <option value=\"1\">Camera Comfort<\/option><option value=\"2\">Camera Deluxe<\/option>                    <\/select>\n                <\/div>            \n            <\/div>\n\n            <div class=\"form-row-1\">\n                <div>\n                    <label for=\"messaggio\">Messaggio:<\/label>\n                    <textarea name=\"message\" id=\"message\"><\/textarea>\n                <\/div>    \n            <\/div>\n\n            <input type=\"submit\" value=\"Invia richiesta di preventivo\" id=\"estimate-form-submit\" class=\"tirolove-btn\" disabled>\n        <\/form>\n        <\/div>\n        \n<\/div><\/div><\/div><\/div><\/div><\/p>\n","protected":false},"excerpt":{"rendered":"","protected":false},"author":1,"featured_media":0,"parent":0,"menu_order":0,"comment_status":"closed","ping_status":"open","template":"","meta":{"footnotes":""},"yoast_head":"<!-- This site is optimized with the Yoast SEO plugin v22.1 - https:\/\/yoast.com\/wordpress\/plugins\/seo\/ -->\n<title>Home - Template<\/title>\n<meta name=\"robots\" content=\"index, follow, max-snippet:-1, max-image-preview:large, max-video-preview:-1\" \/>\n<link rel=\"canonical\" href=\"https:\/\/tirolove.it\/sito2\/\" \/>\n<meta property=\"og:locale\" content=\"it_IT\" \/>\n<meta property=\"og:type\" content=\"article\" \/>\n<meta property=\"og:title\" content=\"Home - Template\" \/>\n<meta property=\"og:url\" content=\"https:\/\/tirolove.it\/sito2\/\" \/>\n<meta property=\"og:site_name\" content=\"Template\" \/>\n<meta property=\"article:modified_time\" content=\"2024-04-10T10:01:00+00:00\" \/>\n<meta name=\"twitter:card\" content=\"summary_large_image\" \/>\n<meta name=\"twitter:label1\" content=\"Tempo di lettura stimato\" \/>\n\t<meta name=\"twitter:data1\" content=\"5 minuti\" \/>\n<script type=\"application\/ld+json\" class=\"yoast-schema-graph\">{\"@context\":\"https:\/\/schema.org\",\"@graph\":[{\"@type\":\"WebPage\",\"@id\":\"https:\/\/tirolove.it\/sito2\/\",\"url\":\"https:\/\/tirolove.it\/sito2\/\",\"name\":\"Home - Template\",\"isPartOf\":{\"@id\":\"https:\/\/tirolove.it\/sito2\/#website\"},\"datePublished\":\"2021-09-22T12:45:55+00:00\",\"dateModified\":\"2024-04-10T10:01:00+00:00\",\"inLanguage\":\"it-IT\",\"potentialAction\":[{\"@type\":\"ReadAction\",\"target\":[\"https:\/\/tirolove.it\/sito2\/\"]}]},{\"@type\":\"WebSite\",\"@id\":\"https:\/\/tirolove.it\/sito2\/#website\",\"url\":\"https:\/\/tirolove.it\/sito2\/\",\"name\":\"Template\",\"description\":\"Ecco un altro sito Tirolove\",\"potentialAction\":[{\"@type\":\"SearchAction\",\"target\":{\"@type\":\"EntryPoint\",\"urlTemplate\":\"https:\/\/tirolove.it\/sito2\/?s={search_term_string}\"},\"query-input\":\"required name=search_term_string\"}],\"inLanguage\":\"it-IT\"}]}<\/script>\n<!-- \/ Yoast SEO plugin. -->","yoast_head_json":{"title":"Home - Template","robots":{"index":"index","follow":"follow","max-snippet":"max-snippet:-1","max-image-preview":"max-image-preview:large","max-video-preview":"max-video-preview:-1"},"canonical":"https:\/\/tirolove.it\/sito2\/","og_locale":"it_IT","og_type":"article","og_title":"Home - Template","og_url":"https:\/\/tirolove.it\/sito2\/","og_site_name":"Template","article_modified_time":"2024-04-10T10:01:00+00:00","twitter_card":"summary_large_image","twitter_misc":{"Tempo di lettura stimato":"5 minuti"},"schema":{"@context":"https:\/\/schema.org","@graph":[{"@type":"WebPage","@id":"https:\/\/tirolove.it\/sito2\/","url":"https:\/\/tirolove.it\/sito2\/","name":"Home - Template","isPartOf":{"@id":"https:\/\/tirolove.it\/sito2\/#website"},"datePublished":"2021-09-22T12:45:55+00:00","dateModified":"2024-04-10T10:01:00+00:00","inLanguage":"it-IT","potentialAction":[{"@type":"ReadAction","target":["https:\/\/tirolove.it\/sito2\/"]}]},{"@type":"WebSite","@id":"https:\/\/tirolove.it\/sito2\/#website","url":"https:\/\/tirolove.it\/sito2\/","name":"Template","description":"Ecco un altro sito Tirolove","potentialAction":[{"@type":"SearchAction","target":{"@type":"EntryPoint","urlTemplate":"https:\/\/tirolove.it\/sito2\/?s={search_term_string}"},"query-input":"required name=search_term_string"}],"inLanguage":"it-IT"}]}},"_links":{"self":[{"href":"https:\/\/tirolove.it\/sito2\/wp-json\/wp\/v2\/pages\/2"}],"collection":[{"href":"https:\/\/tirolove.it\/sito2\/wp-json\/wp\/v2\/pages"}],"about":[{"href":"https:\/\/tirolove.it\/sito2\/wp-json\/wp\/v2\/types\/page"}],"author":[{"embeddable":true,"href":"https:\/\/tirolove.it\/sito2\/wp-json\/wp\/v2\/users\/1"}],"replies":[{"embeddable":true,"href":"https:\/\/tirolove.it\/sito2\/wp-json\/wp\/v2\/comments?post=2"}],"version-history":[{"count":76,"href":"https:\/\/tirolove.it\/sito2\/wp-json\/wp\/v2\/pages\/2\/revisions"}],"predecessor-version":[{"id":3316,"href":"https:\/\/tirolove.it\/sito2\/wp-json\/wp\/v2\/pages\/2\/revisions\/3316"}],"wp:attachment":[{"href":"https:\/\/tirolove.it\/sito2\/wp-json\/wp\/v2\/media?parent=2"}],"curies":[{"name":"wp","href":"https:\/\/api.w.org\/{rel}","templated":true}]}}